{"id":17,"date":"2024-06-10T08:25:36","date_gmt":"2024-06-10T08:25:36","guid":{"rendered":"http:\/\/xtratheme.comlawyers\/?page_id=8"},"modified":"2025-03-23T11:39:18","modified_gmt":"2025-03-23T11:39:18","slug":"practice-areas","status":"publish","type":"page","link":"https:\/\/lawyerlegalis.com\/hr\/practice-areas\/","title":{"rendered":"Podru\u010dja prakse"},"content":{"rendered":"<div data-elementor-type=\"wp-page\" data-elementor-id=\"17\" class=\"elementor elementor-17\">\n\t\t\t\t\t\t<section class=\"elementor-section elementor-top-section elementor-element elementor-element-e369f41 elementor-section-boxed elementor-section-height-default elementor-section-height-default\" data-id=\"e369f41\" data-element_type=\"section\">\n\t\t\t\t\t\t<div class=\"elementor-container elementor-column-gap-default\">\n\t\t\t\t\t<div class=\"elementor-column elementor-col-100 elementor-top-column elementor-element elementor-element-24a7877\" data-id=\"24a7877\" data-element_type=\"column\">\n\t\t\t<div class=\"elementor-widget-wrap elementor-element-populated\">\n\t\t\t\t\t\t<div class=\"elementor-element elementor-element-c92baf9 elementor-widget elementor-widget-cz_gap\" data-id=\"c92baf9\" data-element_type=\"widget\" data-widget_type=\"cz_gap.default\">\n\t\t\t\t<div class=\"elementor-widget-container\">\n\t\t\t\t\t<div class=\"cz_gap clr\"><\/div>\t\t\t\t<\/div>\n\t\t\t\t<\/div>\n\t\t\t\t<div class=\"elementor-element elementor-element-afcee7d elementor-widget elementor-widget-cz_title\" data-id=\"afcee7d\" data-element_type=\"widget\" data-widget_type=\"cz_title.default\">\n\t\t\t\t<div class=\"elementor-widget-container\">\n\t\t\t\t\t\t\r\n\t\t<div>\r\n\t\t\t<div class=\"cz_title clr cz_title_pos_inline tac\"><div class=\"cz_title_shape shape_image cz_shape_1\"><img fetchpriority=\"high\" decoding=\"async\" width=\"254\" height=\"241\" src=\"data:image\/svg+xml,%3Csvg%20xmlns%3D&#39;http%3A%2F%2Fwww.w3.org%2F2000%2Fsvg&#39;%20width=&#39;254&#39;%20height=&#39;241&#39;%20viewBox%3D&#39;0%200%20254%20241&#39;%2F%3E\" data-czlz data-src=\"https:\/\/lawyerlegalis.com\/wp-content\/uploads\/2023\/07\/title-bg.png\" class=\"attachment-full size-full wp-image-997\" alt=\"\" \/><\/div><div class=\"cz_title_content\"><div class=\"cz_wpe_content\"><h3 style=\"text-align: center;\">\u00a0Podru\u010dje <span style=\"color: #cca967;\">prakse<\/span><\/h3>\n<p style=\"text-align: center;\"><span style=\"color: #9f9f9f; font-size: 22px;\">Pru\u017eam stru\u010dno pravno vodstvo i zastupanje u raznim podru\u010djima prakse. Moj je cilj pomo\u0107i klijentima da jasno i s povjerenjem upravljaju slo\u017eenim pravnim izazovima.<\/span><\/p><\/div><\/div><\/div>\r\n\t\t<\/div>\r\n\t\t\r\n\t\t\t\t\t\t<\/div>\n\t\t\t\t<\/div>\n\t\t\t\t<div class=\"elementor-element elementor-element-19e6b13 elementor-widget elementor-widget-cz_free_line\" data-id=\"19e6b13\" data-element_type=\"widget\" data-widget_type=\"cz_free_line.default\">\n\t\t\t\t<div class=\"elementor-widget-container\">\n\t\t\t\t\t\t\t<div class=\"relative\">\r\n\t\t\t<div  class=\"cz_line cz_line_before_circle cz_line_after_circle tac\"><\/div>\r\n\t\t<\/div>\r\n\t\t<div class=\"clr\"><\/div>\r\n\t\t\t\t\t\t<\/div>\n\t\t\t\t<\/div>\n\t\t\t\t<div class=\"elementor-element elementor-element-28bc0c2 elementor-widget elementor-widget-text-editor\" data-id=\"28bc0c2\" data-element_type=\"widget\" data-widget_type=\"text-editor.default\">\n\t\t\t\t<div class=\"elementor-widget-container\">\n\t\t\t\t\t\t\t\t\t<p>Moj odvjetni\u010dki ured prvenstveno se bavi imovinskim pravom, zemlji\u0161noknji\u017enim pravom, nasljednim pravom, obiteljskim pravom,, kaznenim pravom, pravom naknade \u0161tete, upravnim pravom, trgova\u010dkim pravom, pravom dru\u0161tava, radnim pravom, ustavnim pravom, poreznim pravom, ste\u010dajnim pravom i prekr\u0161ajnim pravom. Bavim se i kaznenim pravom.<\/p>\t\t\t\t\t\t\t\t<\/div>\n\t\t\t\t<\/div>\n\t\t\t\t<div class=\"elementor-element elementor-element-ca68a0f elementor-widget elementor-widget-cz_title\" data-id=\"ca68a0f\" data-element_type=\"widget\" data-widget_type=\"cz_title.default\">\n\t\t\t\t<div class=\"elementor-widget-container\">\n\t\t\t\t\t\t\r\n\t\t<div>\r\n\t\t\t<div class=\"cz_title clr cz_title_pos_inline\"><div class=\"cz_title_content\"><div class=\"cz_wpe_content\"><h3><span style=\"color: #cca967;\">* Stvarno pravo<\/span><\/h3>\n- zastupanje u sporovima u svezi s nekretninama<br>\n- zastupanje u sporovima u svezi s nekretninama<\/div><\/div><\/div>\r\n\t\t<\/div>\r\n\t\t\r\n\t\t\t\t\t\t<\/div>\n\t\t\t\t<\/div>\n\t\t\t\t<div class=\"elementor-element elementor-element-51f6ef5 elementor-widget elementor-widget-cz_title\" data-id=\"51f6ef5\" data-element_type=\"widget\" data-widget_type=\"cz_title.default\">\n\t\t\t\t<div class=\"elementor-widget-container\">\n\t\t\t\t\t\t\r\n\t\t<div>\r\n\t\t\t<div class=\"cz_title clr cz_title_pos_inline\"><div class=\"cz_title_content\"><div class=\"cz_wpe_content\"><h3><span style=\"color: #cca967;\">* Zemlji\u0161noknji\u017eno pravo i pravni odnosi s nekretninama<\/span><\/h3><p>- uvidi u zemlji\u0161ne knjige<br \/>- zemlji\u0161noknji\u017eni ispravni postupci<br \/>- uskla\u0111ivanje zemlji\u0161noknji\u017enog i katastarskog stanja na nekretninama<br \/>- eta\u017eiranje nekretnina<br \/>- sastavljanje ugovora o gra\u0111enju<\/p><\/div><\/div><\/div>\r\n\t\t<\/div>\r\n\t\t\r\n\t\t\t\t\t\t<\/div>\n\t\t\t\t<\/div>\n\t\t\t\t<div class=\"elementor-element elementor-element-8c1c67e elementor-widget elementor-widget-cz_title\" data-id=\"8c1c67e\" data-element_type=\"widget\" data-widget_type=\"cz_title.default\">\n\t\t\t\t<div class=\"elementor-widget-container\">\n\t\t\t\t\t\t\r\n\t\t<div>\r\n\t\t\t<div class=\"cz_title clr cz_title_pos_inline\"><div class=\"cz_title_content\"><div class=\"cz_wpe_content\"><h3><span style=\"color: #cca967;\">* Nasljedno pravo <\/span><\/h3><p>- sastavljanje oporuka<br \/>- sastavljanje nasljedni\u010dkih izjava i drugih isprava iz podru\u010dja nasljednog prava<br \/>- zastupanje u ostavinskim postupcim<\/p><\/div><\/div><\/div>\r\n\t\t<\/div>\r\n\t\t\r\n\t\t\t\t\t\t<\/div>\n\t\t\t\t<\/div>\n\t\t\t\t<div class=\"elementor-element elementor-element-474f9df elementor-widget elementor-widget-cz_title\" data-id=\"474f9df\" data-element_type=\"widget\" data-widget_type=\"cz_title.default\">\n\t\t\t\t<div class=\"elementor-widget-container\">\n\t\t\t\t\t\t\r\n\t\t<div>\r\n\t\t\t<div class=\"cz_title clr cz_title_pos_inline\"><div class=\"cz_title_content\"><div class=\"cz_wpe_content\"><h3><span style=\"color: #cca967;\">*<b>\u00a0Obiteljsko pravo<\/b><\/span><\/h3><p>- sastavljanje bra\u010dnih ugovora, ugovora o diobi bra\u010dne ste\u010devine<br \/>- zastupanje u bra\u010dnim sporovima, sporovima razvoda braka- zastupanje u sporovima o uzdr\u017eavanju<br \/>- sastavljanje prijedloga za uknji\u017ebe, predbilje\u017ebe prava vlasni\u0161tva i drugih stvarnih prava<br \/>- - sastavljanje prijedloga za zabilje\u017ebe<br \/>-  zastupanje u sporovima o uzdr\u017eavanju<br \/>- zastupanje u postupcima utvr\u0111enja postojanja izvanbra\u010dne zajednic<\/p><\/div><\/div><\/div>\r\n\t\t<\/div>\r\n\t\t\r\n\t\t\t\t\t\t<\/div>\n\t\t\t\t<\/div>\n\t\t\t\t<div class=\"elementor-element elementor-element-94e7eb5 elementor-widget elementor-widget-cz_title\" data-id=\"94e7eb5\" data-element_type=\"widget\" data-widget_type=\"cz_title.default\">\n\t\t\t\t<div class=\"elementor-widget-container\">\n\t\t\t\t\t\t\r\n\t\t<div>\r\n\t\t\t<div class=\"cz_title clr cz_title_pos_inline\"><div class=\"cz_title_content\"><div class=\"cz_wpe_content\"><h3><span style=\"color: #cca967;\">* <b>Radno pravo<\/b><\/span><\/h3><p>- sastavljanje odluka i akata iz oblasti radnog prava<br \/>- sastavljanje ugovora o radu<br \/>- zastupanje u radnim sporovima<\/p><\/div><\/div><\/div>\r\n\t\t<\/div>\r\n\t\t\r\n\t\t\t\t\t\t<\/div>\n\t\t\t\t<\/div>\n\t\t\t\t<div class=\"elementor-element elementor-element-62828d0 elementor-widget elementor-widget-cz_title\" data-id=\"62828d0\" data-element_type=\"widget\" data-widget_type=\"cz_title.default\">\n\t\t\t\t<div class=\"elementor-widget-container\">\n\t\t\t\t\t\t\r\n\t\t<div>\r\n\t\t\t<div class=\"cz_title clr cz_title_pos_inline\"><div class=\"cz_title_content\"><div class=\"cz_wpe_content\"><h3><span style=\"color: #cca967;\">* <b>Ovr\u0161no pravo<\/b><\/span><\/h3><p>- sastavljanje prijedloga za ovrhu<br \/>- zastupanje u postupcima radi naplate potra\u017eivanja<\/p><\/div><\/div><\/div>\r\n\t\t<\/div>\r\n\t\t\r\n\t\t\t\t\t\t<\/div>\n\t\t\t\t<\/div>\n\t\t\t\t<div class=\"elementor-element elementor-element-9c79d35 elementor-widget elementor-widget-cz_title\" data-id=\"9c79d35\" data-element_type=\"widget\" data-widget_type=\"cz_title.default\">\n\t\t\t\t<div class=\"elementor-widget-container\">\n\t\t\t\t\t\t\r\n\t\t<div>\r\n\t\t\t<div class=\"cz_title clr cz_title_pos_inline\"><div class=\"cz_title_content\"><div class=\"cz_wpe_content\"><h3><span style=\"color: #cca967;\">* <b>Od\u0161tetno pravo<\/b><\/span><\/h3><p>- sastavljanje zahtjeva za naknadu \u0161tete<br \/>- zastupanje u postupcima radi naknade \u0161tete pred osiguravaju\u0107im dru\u0161tvima i sudovima u svezi povreda na radu, prometnih i drugih nezgoda<\/p><\/div><\/div><\/div>\r\n\t\t<\/div>\r\n\t\t\r\n\t\t\t\t\t\t<\/div>\n\t\t\t\t<\/div>\n\t\t\t\t<div class=\"elementor-element elementor-element-300ed18 elementor-widget elementor-widget-cz_title\" data-id=\"300ed18\" data-element_type=\"widget\" data-widget_type=\"cz_title.default\">\n\t\t\t\t<div class=\"elementor-widget-container\">\n\t\t\t\t\t\t\r\n\t\t<div>\r\n\t\t\t<div class=\"cz_title clr cz_title_pos_inline\"><div class=\"cz_title_content\"><div class=\"cz_wpe_content\"><h3><span style=\"color: #cca967;\">* <b>Upravno pravo<\/b><\/span><\/h3><p>- zastupanje u upravnim postupcima<br \/>- zastupanje u postupcima povrata imovine<br \/>- zastupanje u postupcima izvla\u0161tenja<br \/>- zastupanje u postupcima razreza poreza<br \/>- zastupanje u postupcima radi stjecanja hrvatskog dr\u017eavljanstva<br \/>- zastupanje u postupcima radi ostvarenja mirovinskih prava i prava iz socijalnog osiguranja<br \/>- zastupanje u postupcima izdavanja lokacijskih dozvola i dozvola za gra\u0111enje<br \/>- sastavljanje tu\u017ebi Upravnom sudu RH i zastupanje u upravnim sporovima<\/p><\/div><\/div><\/div>\r\n\t\t<\/div>\r\n\t\t\r\n\t\t\t\t\t\t<\/div>\n\t\t\t\t<\/div>\n\t\t\t\t<div class=\"elementor-element elementor-element-438687f elementor-widget elementor-widget-cz_title\" data-id=\"438687f\" data-element_type=\"widget\" data-widget_type=\"cz_title.default\">\n\t\t\t\t<div class=\"elementor-widget-container\">\n\t\t\t\t\t\t\r\n\t\t<div>\r\n\t\t\t<div class=\"cz_title clr cz_title_pos_inline\"><div class=\"cz_title_content\"><div class=\"cz_wpe_content\"><h3><span style=\"color: #cca967;\">* <b>Ustavno pravo<\/b><\/span><\/h3><p>\u00a0- sastavljanje i podno\u0161enje ustavnih tu\u017ebi<\/p><\/div><\/div><\/div>\r\n\t\t<\/div>\r\n\t\t\r\n\t\t\t\t\t\t<\/div>\n\t\t\t\t<\/div>\n\t\t\t\t<div class=\"elementor-element elementor-element-d2d0fb7 elementor-widget elementor-widget-cz_title\" data-id=\"d2d0fb7\" data-element_type=\"widget\" data-widget_type=\"cz_title.default\">\n\t\t\t\t<div class=\"elementor-widget-container\">\n\t\t\t\t\t\t\r\n\t\t<div>\r\n\t\t\t<div class=\"cz_title clr cz_title_pos_inline\"><div class=\"cz_title_content\"><div class=\"cz_wpe_content\"><h3><span style=\"color: #cca967;\">* <b>Trgova\u010dko pravo i pravo dru\u0161tava<\/b><\/span><\/h3><p>- zastupanje u trgova\u010dkim sporovima ( sporovima u nadle\u017enosti Trgova\u010dkih sudova )<br \/>- sastavljanje dokumentacije za osnivanje trgova\u010dkih dru\u0161tava<br \/>- sastavljanje dokumentacije za statusne promjene trgova\u010dkih dru\u0161tava<br \/>- osnivanje trgova\u010dkih dru\u0161tava, podru\u017enica, preoblikovanje, pripajanje, spajanje, podjela dru\u0161tava<\/p><\/div><\/div><\/div>\r\n\t\t<\/div>\r\n\t\t\r\n\t\t\t\t\t\t<\/div>\n\t\t\t\t<\/div>\n\t\t\t\t<div class=\"elementor-element elementor-element-959b73f elementor-widget elementor-widget-cz_title\" data-id=\"959b73f\" data-element_type=\"widget\" data-widget_type=\"cz_title.default\">\n\t\t\t\t<div class=\"elementor-widget-container\">\n\t\t\t\t\t\t\r\n\t\t<div>\r\n\t\t\t<div class=\"cz_title clr cz_title_pos_inline\"><div class=\"cz_title_content\"><div class=\"cz_wpe_content\"><h3><span style=\"color: #cca967;\">* <b>Porezno pravo<\/b><\/span><\/h3><p>- pravno savjetovanje u svezi poreza<br \/>- sastavljanje pravnih lijekova na rje\u0161enja poreznih tijela<br \/>- pru\u017eanje usluga poreznog zastupanja<\/p><\/div><\/div><\/div>\r\n\t\t<\/div>\r\n\t\t\r\n\t\t\t\t\t\t<\/div>\n\t\t\t\t<\/div>\n\t\t\t\t<div class=\"elementor-element elementor-element-b95be1f elementor-widget elementor-widget-cz_title\" data-id=\"b95be1f\" data-element_type=\"widget\" data-widget_type=\"cz_title.default\">\n\t\t\t\t<div class=\"elementor-widget-container\">\n\t\t\t\t\t\t\r\n\t\t<div>\r\n\t\t\t<div class=\"cz_title clr cz_title_pos_inline\"><div class=\"cz_title_content\"><div class=\"cz_wpe_content\"><h3><span style=\"color: #cca967;\">* <b>Ste\u010dajno pravo<\/b><\/span><\/h3><p>- pokretanje ste\u010dajnog postupka<br \/>- zastupanje u ste\u010dajnom postupku<\/p><\/div><\/div><\/div>\r\n\t\t<\/div>\r\n\t\t\r\n\t\t\t\t\t\t<\/div>\n\t\t\t\t<\/div>\n\t\t\t\t<div class=\"elementor-element elementor-element-1622d01 elementor-widget elementor-widget-cz_title\" data-id=\"1622d01\" data-element_type=\"widget\" data-widget_type=\"cz_title.default\">\n\t\t\t\t<div class=\"elementor-widget-container\">\n\t\t\t\t\t\t\r\n\t\t<div>\r\n\t\t\t<div class=\"cz_title clr cz_title_pos_inline\"><div class=\"cz_title_content\"><div class=\"cz_wpe_content\"><h3><span style=\"color: #cca967;\">* <b>Prekr\u0161ajno pravo<\/b><\/span><\/h3><p>- zastupanje u prekr\u0161ajnim postupcima<\/p><\/div><\/div><\/div>\r\n\t\t<\/div>\r\n\t\t\r\n\t\t\t\t\t\t<\/div>\n\t\t\t\t<\/div>\n\t\t\t\t<div class=\"elementor-element elementor-element-1379868 elementor-widget elementor-widget-cz_title\" data-id=\"1379868\" data-element_type=\"widget\" data-widget_type=\"cz_title.default\">\n\t\t\t\t<div class=\"elementor-widget-container\">\n\t\t\t\t\t\t\r\n\t\t<div>\r\n\t\t\t<div class=\"cz_title clr cz_title_pos_inline\"><div class=\"cz_title_content\"><div class=\"cz_wpe_content\"><h3><span style=\"color: #cca967;\">* <b>Kazneno pravo<\/b><\/span><\/h3><p>- sastavljanje kaznenih prijava<br \/>- zastupanje u kaznenim postupcima<br \/>- sastavljanje i podno\u0161enje privatnih tu\u017ebi<\/p><\/div><\/div><\/div>\r\n\t\t<\/div>\r\n\t\t\r\n\t\t\t\t\t\t<\/div>\n\t\t\t\t<\/div>\n\t\t\t\t<div class=\"elementor-element elementor-element-da03081 elementor-widget elementor-widget-cz_title\" data-id=\"da03081\" data-element_type=\"widget\" data-widget_type=\"cz_title.default\">\n\t\t\t\t<div class=\"elementor-widget-container\">\n\t\t\t\t\t\t\r\n\t\t<div>\r\n\t\t\t<div class=\"cz_title clr cz_title_pos_inline\"><div class=\"cz_title_content\"><div class=\"cz_wpe_content\"><h3><span style=\"color: #cca967;\">* <\/span><span style=\"color: #cca967;\"><b>Ugovori<\/b><\/span><\/h3><p>- sastavljanje svih vrsta ugovora<\/p><\/div><\/div><\/div>\r\n\t\t<\/div>\r\n\t\t\r\n\t\t\t\t\t\t<\/div>\n\t\t\t\t<\/div>\n\t\t\t\t<div class=\"elementor-element elementor-element-4522526 elementor-widget elementor-widget-cz_title\" data-id=\"4522526\" data-element_type=\"widget\" data-widget_type=\"cz_title.default\">\n\t\t\t\t<div class=\"elementor-widget-container\">\n\t\t\t\t\t\t\r\n\t\t<div>\r\n\t\t\t<div class=\"cz_title clr cz_title_pos_inline\"><div class=\"cz_title_content\"><div class=\"cz_wpe_content\"><h3><span style=\"color: #cca967;\">* <b>Pravno savjetovanje<\/b><\/span><\/h3><p>- davanje usmenih i pismenih pravnih savjeta i mi\u0161ljenja u svezi prava stranaka i tuma\u010denja pravnih propisa<\/p><\/div><\/div><\/div>\r\n\t\t<\/div>\r\n\t\t\r\n\t\t\t\t\t\t<\/div>\n\t\t\t\t<\/div>\n\t\t\t\t\t<\/div>\n\t\t<\/div>\n\t\t\t\t\t<\/div>\n\t\t<\/section>\n\t\t\t\t<\/div>","protected":false},"excerpt":{"rendered":"<p>\u00a0Areas of Practice I provide expert legal guidance and representation across &#8230; <\/p>","protected":false},"author":1,"featured_media":0,"parent":0,"menu_order":0,"comment_status":"closed","ping_status":"closed","template":"","meta":{"om_disable_all_campaigns":false,"_monsterinsights_skip_tracking":false,"_monsterinsights_sitenote_active":false,"_monsterinsights_sitenote_note":"","_monsterinsights_sitenote_category":0,"footnotes":""},"class_list":["post-17","page","type-page","status-publish","hentry"],"aioseo_notices":[],"_links":{"self":[{"href":"https:\/\/lawyerlegalis.com\/hr\/wp-json\/wp\/v2\/pages\/17","targetHints":{"allow":["GET"]}}],"collection":[{"href":"https:\/\/lawyerlegalis.com\/hr\/wp-json\/wp\/v2\/pages"}],"about":[{"href":"https:\/\/lawyerlegalis.com\/hr\/wp-json\/wp\/v2\/types\/page"}],"author":[{"embeddable":true,"href":"https:\/\/lawyerlegalis.com\/hr\/wp-json\/wp\/v2\/users\/1"}],"replies":[{"embeddable":true,"href":"https:\/\/lawyerlegalis.com\/hr\/wp-json\/wp\/v2\/comments?post=17"}],"version-history":[{"count":1,"href":"https:\/\/lawyerlegalis.com\/hr\/wp-json\/wp\/v2\/pages\/17\/revisions"}],"predecessor-version":[{"id":2078,"href":"https:\/\/lawyerlegalis.com\/hr\/wp-json\/wp\/v2\/pages\/17\/revisions\/2078"}],"wp:attachment":[{"href":"https:\/\/lawyerlegalis.com\/hr\/wp-json\/wp\/v2\/media?parent=17"}],"curies":[{"name":"wp","href":"https:\/\/api.w.org\/{rel}","templated":true}]}}