{"id":19,"date":"2024-06-10T08:34:22","date_gmt":"2024-06-10T08:34:22","guid":{"rendered":"http:\/\/xtratheme.comlawyers\/?page_id=13"},"modified":"2025-03-23T11:45:36","modified_gmt":"2025-03-23T11:45:36","slug":"faq","status":"publish","type":"page","link":"https:\/\/lawyerlegalis.com\/hr\/faq\/","title":{"rendered":"FAQ"},"content":{"rendered":"<div data-elementor-type=\"wp-page\" data-elementor-id=\"19\" class=\"elementor elementor-19\">\n\t\t\t\t\t\t<section class=\"elementor-section elementor-top-section elementor-element elementor-element-5e19079 elementor-section-boxed elementor-section-height-default elementor-section-height-default\" data-id=\"5e19079\" data-element_type=\"section\">\n\t\t\t\t\t\t<div class=\"elementor-container elementor-column-gap-default\">\n\t\t\t\t\t<div class=\"elementor-column elementor-col-100 elementor-top-column elementor-element elementor-element-e1278c3\" data-id=\"e1278c3\" data-element_type=\"column\">\n\t\t\t<div class=\"elementor-widget-wrap elementor-element-populated\">\n\t\t\t\t\t\t<div class=\"elementor-element elementor-element-d556184 elementor-widget elementor-widget-cz_gap\" data-id=\"d556184\" data-element_type=\"widget\" data-widget_type=\"cz_gap.default\">\n\t\t\t\t<div class=\"elementor-widget-container\">\n\t\t\t\t\t<div class=\"cz_gap clr\"><\/div>\t\t\t\t<\/div>\n\t\t\t\t<\/div>\n\t\t\t\t<div class=\"elementor-element elementor-element-6505ae6 elementor-widget elementor-widget-cz_title\" data-id=\"6505ae6\" data-element_type=\"widget\" data-widget_type=\"cz_title.default\">\n\t\t\t\t<div class=\"elementor-widget-container\">\n\t\t\t\t\t\t\r\n\t\t<div>\r\n\t\t\t<div class=\"cz_title clr cz_title_pos_inline tac\"><div class=\"cz_title_shape shape_image cz_shape_1\"><img fetchpriority=\"high\" decoding=\"async\" width=\"254\" height=\"241\" src=\"data:image\/svg+xml,%3Csvg%20xmlns%3D&#39;http%3A%2F%2Fwww.w3.org%2F2000%2Fsvg&#39;%20width=&#39;254&#39;%20height=&#39;241&#39;%20viewBox%3D&#39;0%200%20254%20241&#39;%2F%3E\" data-czlz data-src=\"https:\/\/lawyerlegalis.com\/wp-content\/uploads\/2023\/07\/title-bg.png\" class=\"attachment-full size-full wp-image-997\" alt=\"\" \/><\/div><div class=\"cz_title_content\"><div class=\"cz_wpe_content\"><h3 style=\"text-align: center;\">\u010cesto <span style=\"color: #cca967;\">Postavljena pitanja<\/span>\u00a0<\/h3><p style=\"text-align: center;\"><span style=\"color: #9f9f9f; font-size: 22px;\"><span style=\"color: #aaaaaa;\">Pro\u010ditajte pitanja u nastavku i ako ne mo\u017eete prona\u0107i odgovor<\/span><\/span><\/p><\/div><\/div><\/div>\r\n\t\t<\/div>\r\n\t\t\r\n\t\t\t\t\t\t<\/div>\n\t\t\t\t<\/div>\n\t\t\t\t<div class=\"elementor-element elementor-element-b9fc407 elementor-widget elementor-widget-cz_free_line\" data-id=\"b9fc407\" data-element_type=\"widget\" data-widget_type=\"cz_free_line.default\">\n\t\t\t\t<div class=\"elementor-widget-container\">\n\t\t\t\t\t\t\t<div class=\"relative\">\r\n\t\t\t<div  class=\"cz_line cz_line_before_circle cz_line_after_circle tac\"><\/div>\r\n\t\t<\/div>\r\n\t\t<div class=\"clr\"><\/div>\r\n\t\t\t\t\t\t<\/div>\n\t\t\t\t<\/div>\n\t\t\t\t\t<\/div>\n\t\t<\/div>\n\t\t\t\t\t<\/div>\n\t\t<\/section>\n\t\t\t\t<section class=\"elementor-section elementor-top-section elementor-element elementor-element-1412740 elementor-section-boxed elementor-section-height-default elementor-section-height-default\" data-id=\"1412740\" data-element_type=\"section\">\n\t\t\t\t\t\t<div class=\"elementor-container elementor-column-gap-default\">\n\t\t\t\t\t<div class=\"elementor-column elementor-col-33 elementor-top-column elementor-element elementor-element-7dfa1fa\" data-id=\"7dfa1fa\" data-element_type=\"column\">\n\t\t\t<div class=\"elementor-widget-wrap elementor-element-populated\">\n\t\t\t\t\t\t<div class=\"elementor-element elementor-element-92ae390 elementor-widget elementor-widget-cz_image\" data-id=\"92ae390\" data-element_type=\"widget\" data-widget_type=\"cz_image.default\">\n\t\t\t\t<div class=\"elementor-widget-container\">\n\t\t\t\t\t\r\n\t\t<div class=\"cz_image clr cz_image_no_fx center_on_mobile\">\r\n\r\n\t\t\t<div>\r\n\r\n\t\t\t\t<div class=\"cz_image_in\">\r\n\r\n\t\t\t\t\t<div class=\"cz_main_image\"><img decoding=\"async\" width=\"512\" height=\"512\" src=\"data:image\/svg+xml,%3Csvg%20xmlns%3D&#39;http%3A%2F%2Fwww.w3.org%2F2000%2Fsvg&#39;%20width=&#39;512&#39;%20height=&#39;512&#39;%20viewBox%3D&#39;0%200%20512%20512&#39;%2F%3E\" data-czlz data-src=\"https:\/\/lawyerlegalis.com\/wp-content\/uploads\/2023\/07\/faq-law.png\" class=\"attachment-full size-full wp-image-1145\" alt=\"\" data-srcset=\"https:\/\/lawyerlegalis.com\/wp-content\/uploads\/2023\/07\/faq-law.png 512w, https:\/\/lawyerlegalis.com\/wp-content\/uploads\/2023\/07\/faq-law-100x100.png 100w\" data-sizes=\"(max-width: 512px) 100vw, 512px\" \/><\/div>\r\n\r\n\t\t\t\t\t<div class=\"cz_hover_image\"><img decoding=\"async\" width=\"512\" height=\"512\" src=\"data:image\/svg+xml,%3Csvg%20xmlns%3D&#39;http%3A%2F%2Fwww.w3.org%2F2000%2Fsvg&#39;%20width=&#39;512&#39;%20height=&#39;512&#39;%20viewBox%3D&#39;0%200%20512%20512&#39;%2F%3E\" data-czlz data-src=\"https:\/\/lawyerlegalis.com\/wp-content\/uploads\/2023\/07\/faq-law.png\" class=\"attachment-full size-full wp-image-1145\" alt=\"\" data-srcset=\"https:\/\/lawyerlegalis.com\/wp-content\/uploads\/2023\/07\/faq-law.png 512w, https:\/\/lawyerlegalis.com\/wp-content\/uploads\/2023\/07\/faq-law-100x100.png 100w\" data-sizes=\"(max-width: 512px) 100vw, 512px\" \/><\/div>\r\n\t\t\t\t<\/div>\r\n\r\n\t\t\t\t\r\n\t\t\t<\/div>\r\n\r\n\t\t<\/div>\r\n\r\n\t\t\t\t\t\t<\/div>\n\t\t\t\t<\/div>\n\t\t\t\t<section class=\"elementor-section elementor-inner-section elementor-element elementor-element-5e9783a elementor-section-boxed elementor-section-height-default elementor-section-height-default\" data-id=\"5e9783a\" data-element_type=\"section\">\n\t\t\t\t\t\t<div class=\"elementor-container elementor-column-gap-default\">\n\t\t\t\t\t<div class=\"elementor-column elementor-col-100 elementor-inner-column elementor-element elementor-element-82d8622\" data-id=\"82d8622\" data-element_type=\"column\">\n\t\t\t<div class=\"elementor-widget-wrap elementor-element-populated\">\n\t\t\t\t\t\t<div class=\"elementor-element elementor-element-389c3cb elementor-widget elementor-widget-cz_title\" data-id=\"389c3cb\" data-element_type=\"widget\" data-widget_type=\"cz_title.default\">\n\t\t\t\t<div class=\"elementor-widget-container\">\n\t\t\t\t\t\t\r\n\t\t<div>\r\n\t\t\t<div class=\"cz_title clr cz_mobile_text_center cz_title_has_icon cz_title_pos_inline\"><div class=\"cz_title_content\"><i class=\"cz_title_icon_before far fa-envelope-open\"><\/i><div class=\"cz_wpe_content\"><h4>Pitaj me<\/h4><p>Fill the below form<\/p><\/div><\/div><\/div>\r\n\t\t<\/div>\r\n\t\t\r\n\t\t\t\t\t\t<\/div>\n\t\t\t\t<\/div>\n\t\t\t\t\t<\/div>\n\t\t<\/div>\n\t\t\t\t\t<\/div>\n\t\t<\/section>\n\t\t\t\t\t<\/div>\n\t\t<\/div>\n\t\t\t\t<div class=\"elementor-column elementor-col-66 elementor-top-column elementor-element elementor-element-deb35cc\" data-id=\"deb35cc\" data-element_type=\"column\">\n\t\t\t<div class=\"elementor-widget-wrap elementor-element-populated\">\n\t\t\t\t\t\t<div class=\"elementor-element elementor-element-039718f elementor-widget elementor-widget-cz_gap\" data-id=\"039718f\" data-element_type=\"widget\" data-widget_type=\"cz_gap.default\">\n\t\t\t\t<div class=\"elementor-widget-container\">\n\t\t\t\t\t<div class=\"cz_gap clr\"><\/div>\t\t\t\t<\/div>\n\t\t\t\t<\/div>\n\t\t\t\t<div class=\"elementor-element elementor-element-9369aff elementor-widget elementor-widget-cz_title\" data-id=\"9369aff\" data-element_type=\"widget\" data-widget_type=\"cz_title.default\">\n\t\t\t\t<div class=\"elementor-widget-container\">\n\t\t\t\t\t\t\r\n\t\t<div>\r\n\t\t\t<div class=\"cz_title clr cz_mobile_text_center cz_title_has_icon cz_title_pos_inline\"><div class=\"cz_title_content\"><i class=\"cz_title_icon_before far fa-question-circle\"><\/i><div class=\"cz_wpe_content\"><h4>F.A.Qs<\/h4>\nNa <strong>Odvjetni\u010dko dru\u0161tvo Ane Glavan <\/strong>, razumijemo da pravne stvari mogu biti slo\u017eene i neodoljive. U nastavku su navedena neka od naj\u010de\u0161\u0107ih pitanja koja primamo, zajedno s jasnim odgovorima koji \u0107e vam pomo\u0107i u usmjeravanju. Ako trebate dodatnu pomo\u0107, slobodno to u\u010dinite <strong><a href=\"\/hr\/contact\/\" rel=\"\">contact me<\/a><\/strong>.<\/div><\/div><\/div>\r\n\t\t<\/div>\r\n\t\t\r\n\t\t\t\t\t\t<\/div>\n\t\t\t\t<\/div>\n\t\t\t\t<div class=\"elementor-element elementor-element-ea11e24 elementor-widget elementor-widget-cz_accordion\" data-id=\"ea11e24\" data-element_type=\"widget\" data-widget_type=\"cz_accordion.default\">\n\t\t\t\t<div class=\"elementor-widget-container\">\n\t\t\t\t\t<div data-arrows='{\"open\":\"fa fa-angle-down\",\"close\":\"fa fa-angle-up\"}' class=\"cz_acc clr cz_acc_toggle cz_acc_first_open\"><div><div class=\"elementor-repeater-item-87c4bdc\"><span class=\"cz_acc_child\"><div>Koje vrste slu\u010dajeva rje\u0161avam?<\/div><\/span><div class=\"cz_acc_child_content clr\"><p class=\"translation-block\"><strong>Specijalizirala sam se za slu\u010dajeve koji su obja\u0161njeni u podru\u010djima prakse, npr. gra\u0111ansko pravo, imovinsko pravo, kazneno pravo, obiteljsko pravo, trgova\u010dko pravo, itd  <\/strong>. Ako niste sigurni mogu li vam pomo\u0107i, obratite mi se za konzultacije.<\/p><\/div><\/div><div class=\"elementor-repeater-item-638438d\"><span class=\"cz_acc_child\"><div>Kako \u0107u znati trebam li odvjetnika?<\/div><\/span><div class=\"cz_acc_child_content clr\"><p>Ako se suo\u010davate s pravnim problemima koji mogu utjecati na va\u0161a prava, financije ili budu\u0107nost, najbolje je konzultirati se s odvjetnikom. \u010cak i ako niste sigurni, savjetovanje vam mo\u017ee pomo\u0107i da razumijete svoje mogu\u0107nosti i potencijalne pravne strategije.<\/p><\/div><\/div><div class=\"elementor-repeater-item-1c21c39\"><span class=\"cz_acc_child\"><div>\u0160to trebam ponijeti na prvi sastanak s odvjetnikom?<\/div><\/span><div class=\"cz_acc_child_content clr\"><p>Za po\u010detne konzultacije ponesite sve relevantne dokumente, kao \u0161to su ugovori, sudske obavijesti, policijska izvje\u0161\u0107a ili korespondencija u vezi s va\u0161im slu\u010dajem. Popis pitanja i sa\u017eetak va\u0161e situacije tako\u0111er \u0107e biti od pomo\u0107i.\u00a0<\/p><\/div><\/div><div class=\"elementor-repeater-item-d48bb0f\"><span class=\"cz_acc_child\"><div>Koliko ko\u0161ta odvjetni\u010dki rad?<\/div><\/span><div class=\"cz_acc_child_content clr\"><p>Rad odvjetnika napla\u0107uje se sukladno Tarifi o nagradama i naknadi tro\u0161kova za rad odvjetnika ( NN 138\/2023 ).<\/p><\/div><\/div><div class=\"elementor-repeater-item-6d45954\"><span class=\"cz_acc_child\"><div>Koliko \u0107e moj slu\u010daj trajati?<\/div><\/span><div class=\"cz_acc_child_content clr\"><p>Trajanje va\u0161eg slu\u010daja ovisi o raznim \u010dimbenicima, uklju\u010duju\u0107i njegovu slo\u017eenost, sudske rasporede i pregovore. Tijekom na\u0161ih po\u010detnih konzultacija, dat \u0107u procijenjeni vremenski okvir na temelju va\u0161e situacije.<\/p><\/div><\/div><div class=\"elementor-repeater-item-588b2bc\"><span class=\"cz_acc_child\"><div>Kako \u0107ete me obavje\u0161tavati o mom slu\u010daju?<\/div><\/span><div class=\"cz_acc_child_content clr\"><p>Prioritet mi je jasna komunikacija i pru\u017eat \u0107u redovita a\u017euriranja putem telefona, e po\u0161te ili zakazanih sastanaka. Tako\u0111er mi se mo\u017eete obratiti bilo kada ako imate pitanja ili nedoumica.<\/p><\/div><\/div><div class=\"elementor-repeater-item-d2adcfc\"><span class=\"cz_acc_child\"><div>Mogu li svoj slu\u010daj rije\u0161iti izvan suda?<\/div><\/span><div class=\"cz_acc_child_content clr\"><p>Da, u mnogim slu\u010dajevima nagodbe se mogu posti\u0107i izvan suda, \u0161to mo\u017ee u\u0161tedjeti vrijeme i pravne tro\u0161kove. Radit \u0107emo na postizanju najboljeg mogu\u0107eg ishoda kroz pregovore kada je to potrebno.<\/p><\/div><\/div><div class=\"elementor-repeater-item-0f956b0\"><span class=\"cz_acc_child\"><div>Kako vas mogu kontaktirati s hitnim pitanjima?<\/div><\/span><div class=\"cz_acc_child_content clr translation-block\">Do mene mo\u017eete do\u0107i putem  <strong> telefona, e - po\u0161te ili kontakt formom na mojoj web stranici <\/strong>. Nastojim brzo odgovoriti na sve upite klijenata.<\/div><\/div><div class=\"elementor-repeater-item-cfa1502\"><span class=\"cz_acc_child\"><div>Nudite li virtualne konzultacije?<\/div><\/span><div class=\"cz_acc_child_content clr\"><p>Da, nudim virtualne konzultacije putem telefona ili video poziva radi va\u0161e udobnosti.<\/p><\/div><\/div><div class=\"elementor-repeater-item-9c6020b\"><span class=\"cz_acc_child\"><div>Jesu li moji podaci povjerljivi?<\/div><\/span><div class=\"cz_acc_child_content clr\">Apsolutno. Sve informacije koje podijelite samnom za\u0161ti\u0107ene su privilegijom odvjetnik - klijent i ostat \u0107e strogo povjerljive.<\/div><\/div><\/div><\/div>\t\t\t\t<\/div>\n\t\t\t\t<\/div>\n\t\t\t\t\t<\/div>\n\t\t<\/div>\n\t\t\t\t\t<\/div>\n\t\t<\/section>\n\t\t\t\t<\/div>","protected":false},"excerpt":{"rendered":"<p>Frequently Asked Questions\u00a0 Please read questions bellow and if you can &#8230; <\/p>","protected":false},"author":1,"featured_media":0,"parent":0,"menu_order":0,"comment_status":"closed","ping_status":"closed","template":"","meta":{"om_disable_all_campaigns":false,"_monsterinsights_skip_tracking":false,"_monsterinsights_sitenote_active":false,"_monsterinsights_sitenote_note":"","_monsterinsights_sitenote_category":0,"footnotes":""},"class_list":["post-19","page","type-page","status-publish","hentry"],"aioseo_notices":[],"_links":{"self":[{"href":"https:\/\/lawyerlegalis.com\/hr\/wp-json\/wp\/v2\/pages\/19","targetHints":{"allow":["GET"]}}],"collection":[{"href":"https:\/\/lawyerlegalis.com\/hr\/wp-json\/wp\/v2\/pages"}],"about":[{"href":"https:\/\/lawyerlegalis.com\/hr\/wp-json\/wp\/v2\/types\/page"}],"author":[{"embeddable":true,"href":"https:\/\/lawyerlegalis.com\/hr\/wp-json\/wp\/v2\/users\/1"}],"replies":[{"embeddable":true,"href":"https:\/\/lawyerlegalis.com\/hr\/wp-json\/wp\/v2\/comments?post=19"}],"version-history":[{"count":1,"href":"https:\/\/lawyerlegalis.com\/hr\/wp-json\/wp\/v2\/pages\/19\/revisions"}],"predecessor-version":[{"id":2079,"href":"https:\/\/lawyerlegalis.com\/hr\/wp-json\/wp\/v2\/pages\/19\/revisions\/2079"}],"wp:attachment":[{"href":"https:\/\/lawyerlegalis.com\/hr\/wp-json\/wp\/v2\/media?parent=19"}],"curies":[{"name":"wp","href":"https:\/\/api.w.org\/{rel}","templated":true}]}}